{"id":27169,"date":"2025-11-04T13:57:17","date_gmt":"2025-11-04T12:57:17","guid":{"rendered":"https:\/\/finding-daniel.ch\/?post_type=product&#038;p=27169"},"modified":"2025-11-05T12:30:49","modified_gmt":"2025-11-05T11:30:49","slug":"bon-cadeau-paquet-de-noel","status":"publish","type":"product","link":"https:\/\/finding-daniel.ch\/fr\/produit\/bon-cadeau-paquet-de-noel\/","title":{"rendered":"Bon cadeau paquet de No\u00ebl"},"content":{"rendered":"<h3>Bon cadeau pour des exp\u00e9riences \u00e0 partager<\/h3>\n<blockquote><p>Un cadeau id\u00e9al pour No\u00ebl ! Passer du temps ensemble fait toujours plaisir.<\/p>\n<p>Offre des aventures inoubliables avec le bon cadeau de Daniel ! Ce bon te donne un acc\u00e8s imm\u00e9diat aux Citytrails vari\u00e9s \u00e0 travers toute la Suisse. Lors d&#8217;un jeu de piste, Daniel te guide \u00e0 travers les curiosit\u00e9s des villes, avec des pauses sympas dans des caf\u00e9s. Enti\u00e8rement autonome et sans r\u00e9servation, tu peux d\u00e9couvrir de nouvelles villes ou red\u00e9couvrir des lieux familiers sous un nouveau jour.<\/p><\/blockquote>\n<p>Le bon cadeau, joliment pr\u00e9sent\u00e9, peut \u00eatre t\u00e9l\u00e9charg\u00e9 et imprim\u00e9 tout de suite ou offert au format PDF.<br \/>\nL\u2019espace blanc te permet d\u2019ajouter ton message personnel.<\/p>\n<p>Les bons cadeaux te permettent d\u2019offrir des aventures et des exp\u00e9riences plut\u00f4t que de simples objets. Sous la devise \u00ab Collect Adventures, not things \u00bb, tu offres \u00e0 tes proches des moments uniques et inoubliables. En offrant des bons cadeaux, tu encourages la cr\u00e9ation de souvenirs et favorises des exp\u00e9riences riches de sens qui resteront longtemps grav\u00e9es dans les m\u00e9moires. De plus, tu contribues \u00e0 une approche plus durable, car les bons cadeaux privil\u00e9gient le partage de moments sp\u00e9ciaux plut\u00f4t que la consommation mat\u00e9rielle. Gr\u00e2ce \u00e0 la grande vari\u00e9t\u00e9 de Citytrails \u00e0 travers la Suisse, la personne \u00e0 qui tu offres le bon trouvera certainement une excursion qui lui correspond.<\/p>\n<p>Un trail co\u00fbte CHF 40.\u2013. La personne b\u00e9n\u00e9ficiaire peut emmener jusqu\u2019\u00e0 quatre personnes. Une sortie en \u00e9quipe \u2013 entre amis ou en famille \u2013 rend le jeu encore plus amusant. Le montant du bon peut \u00eatre utilis\u00e9 pour une ou plusieurs commandes. Le bon donne droit \u00e0 l\u2019achat de dossiers de parcours pour les Finding-Daniel Trails dans toute la Suisse, ainsi qu\u2019\u00e0 d\u2019autres produits de la boutique.<\/p>\n<p><strong>Tu recevras ton bon cadeau imm\u00e9diatement apr\u00e8s ta commande, par courriel, sous forme de document PDF \u00e0 imprimer toi-m\u00eame.<br \/>\nLe champ de texte est vide pour que tu puisses y inscrire ton message personnel.<\/strong><\/p>\n","protected":false},"excerpt":{"rendered":"<div style=\"background-color: #f4f4f4;padding: 20px\">\n<p><strong style=\"color: #a76e9a;line-height: 2rem\">Un cadeau id\u00e9al pour No\u00ebl ! Passer du temps ensemble fait toujours plaisir.<\/strong><\/p>\n<p>Offre des aventures inoubliables avec le bon cadeau de Daniel ! Ce bon te donne un acc\u00e8s imm\u00e9diat aux Citytrails vari\u00e9s \u00e0 travers toute la Suisse. Lors d&#8217;un jeu de piste, Daniel te guide vers les curiosit\u00e9s des villes. Enti\u00e8rement autonome et sans r\u00e9servation, tu peux d\u00e9couvrir de nouvelles villes ou red\u00e9couvrir des lieux familiers sous un nouveau jour.<\/p>\n<\/div>\n<p>&nbsp;<\/p>\n<p><span style=\"font-size: 16px\"><strong><span style=\"color: #a76e9a\">Comment \u00e7a marche\u00a0:<\/span><br \/>\n<\/strong>Tu peux t\u00e9l\u00e9charger le bon cadeau tout de suite et l\u2019offrir imprim\u00e9 ou au format PDF.<\/span><\/p>\n<p><span style=\"font-size: 16px\"><strong><span style=\"color: #a76e9a\">Combien \u00e7a co\u00fbte\u00a0:<\/span><\/strong><br \/>\nUn trail co\u00fbte CHF 40.\u2013. La personne \u00e0 qui tu offres le bon peut emmener jusqu\u2019\u00e0 quatre personnes avec elle.<br \/>\nLe montant du bon est librement choisi et valable sans limite de dur\u00e9e.<br \/>\n<\/span><span style=\"font-size: 16px\"><br \/>\nLe cr\u00e9dit du bon peut aussi \u00eatre utilis\u00e9 pour plusieurs commandes diff\u00e9rentes.<br \/>\n<\/span><\/p>\n","protected":false},"featured_media":27197,"comment_status":"closed","ping_status":"closed","template":"","meta":{"inline_featured_image":false,"site-sidebar-layout":"default","site-content-layout":"","ast-site-content-layout":"default","site-content-style":"default","site-sidebar-style":"default","ast-global-header-display":"","ast-banner-title-visibility":"","ast-main-header-display":"","ast-hfb-above-header-display":"","ast-hfb-below-header-display":"","ast-hfb-mobile-header-display":"","site-post-title":"","ast-breadcrumbs-content":"","ast-featured-img":"","footer-sml-layout":"","ast-disable-related-posts":"","theme-transparent-header-meta":"default","adv-header-id-meta":"","stick-header-meta":"default","header-above-stick-meta":"","header-main-stick-meta":"","header-below-stick-meta":"","astra-migrate-meta-layouts":"set","ast-page-background-enabled":"default","ast-page-background-meta":{"desktop":{"background-color":"var(--ast-global-color-4)","background-image":"","background-repeat":"repeat","background-position":"center center","background-size":"auto","background-attachment":"scroll","background-type":"","background-media":"","overlay-type":"","overlay-color":"","overlay-opacity":"","overlay-gradient":""},"tablet":{"background-color":"","background-image":"","background-repeat":"repeat","background-position":"center center","background-size":"auto","background-attachment":"scroll","background-type":"","background-media":"","overlay-type":"","overlay-color":"","overlay-opacity":"","overlay-gradient":""},"mobile":{"background-color":"","background-image":"","background-repeat":"repeat","background-position":"center center","background-size":"auto","background-attachment":"scroll","background-type":"","background-media":"","overlay-type":"","overlay-color":"","overlay-opacity":"","overlay-gradient":""}},"ast-content-background-meta":{"desktop":{"background-color":"var(--ast-global-color-5)","background-image":"","background-repeat":"repeat","background-position":"center center","background-size":"auto","background-attachment":"scroll","background-type":"","background-media":"","overlay-type":"","overlay-color":"","overlay-opacity":"","overlay-gradient":""},"tablet":{"background-color":"var(--ast-global-color-5)","background-image":"","background-repeat":"repeat","background-position":"center center","background-size":"auto","background-attachment":"scroll","background-type":"","background-media":"","overlay-type":"","overlay-color":"","overlay-opacity":"","overlay-gradient":""},"mobile":{"background-color":"var(--ast-global-color-5)","background-image":"","background-repeat":"repeat","background-position":"center center","background-size":"auto","background-attachment":"scroll","background-type":"","background-media":"","overlay-type":"","overlay-color":"","overlay-opacity":"","overlay-gradient":""}}},"product_brand":[],"product_cat":[180],"product_tag":[],"class_list":{"0":"post-27169","1":"product","2":"type-product","3":"status-publish","4":"has-post-thumbnail","6":"product_cat-wps_wgm_giftcard-fr","7":"desktop-align-center","8":"tablet-align-left","9":"mobile-align-left","10":"ast-product-gallery-layout-horizontal-slider","11":"ast-product-gallery-with-no-image","12":"ast-product-tabs-layout-horizontal","14":"first","15":"instock","16":"shipping-taxable","17":"purchasable","18":"product-type-wgm_gift_card"},"_links":{"self":[{"href":"https:\/\/finding-daniel.ch\/fr\/wp-json\/wp\/v2\/product\/27169","targetHints":{"allow":["GET"]}}],"collection":[{"href":"https:\/\/finding-daniel.ch\/fr\/wp-json\/wp\/v2\/product"}],"about":[{"href":"https:\/\/finding-daniel.ch\/fr\/wp-json\/wp\/v2\/types\/product"}],"replies":[{"embeddable":true,"href":"https:\/\/finding-daniel.ch\/fr\/wp-json\/wp\/v2\/comments?post=27169"}],"version-history":[{"count":0,"href":"https:\/\/finding-daniel.ch\/fr\/wp-json\/wp\/v2\/product\/27169\/revisions"}],"wp:featuredmedia":[{"embeddable":true,"href":"https:\/\/finding-daniel.ch\/fr\/wp-json\/wp\/v2\/media\/27197"}],"wp:attachment":[{"href":"https:\/\/finding-daniel.ch\/fr\/wp-json\/wp\/v2\/media?parent=27169"}],"wp:term":[{"taxonomy":"product_brand","embeddable":true,"href":"https:\/\/finding-daniel.ch\/fr\/wp-json\/wp\/v2\/product_brand?post=27169"},{"taxonomy":"product_cat","embeddable":true,"href":"https:\/\/finding-daniel.ch\/fr\/wp-json\/wp\/v2\/product_cat?post=27169"},{"taxonomy":"product_tag","embeddable":true,"href":"https:\/\/finding-daniel.ch\/fr\/wp-json\/wp\/v2\/product_tag?post=27169"}],"curies":[{"name":"wp","href":"https:\/\/api.w.org\/{rel}","templated":true}]}}