{"id":11993,"date":"2020-04-02T13:35:09","date_gmt":"2020-04-02T11:35:09","guid":{"rendered":"https:\/\/newsystem-finding-daniel.ch\/produkt\/jeu-de-piste-aux-attractions-de-bale\/"},"modified":"2026-05-04T09:41:58","modified_gmt":"2026-05-04T07:41:58","slug":"jeu-de-piste-aux-attractions-de-bale","status":"publish","type":"product","link":"https:\/\/finding-daniel.ch\/fr\/produit\/jeu-de-piste-aux-attractions-de-bale\/","title":{"rendered":"B\u00e2le &#8211; En dehors des sentiers battus"},"content":{"rendered":"<div style=\"background-color: #f4f4f4;padding: 20px\">\n<p><strong style=\"color: #a76e9a;line-height: 2rem\">Salut, c&#8217;est moi : Daniel. Une excursion int\u00e9ressante commence. Ensemble, nous partons pour un jeu de piste \u00e0 B\u00e2le. Au cours d&#8217;une promenade, je vous conduirai vers les attractions touristiques et vous montrerai mes endroits pr\u00e9f\u00e9r\u00e9s dans la ville situ\u00e9e au bord du Rhin. En chemin, vous r\u00e9soudrez des \u00e9nigmes cr\u00e9atives, mais aussi exigeantes. Vous pouvez acheter mon Citytrail \u00e0 tout moment. Il suffit d&#8217;imprimer le dossier de visite, de planifier l&#8217;excursion \u00e0 B\u00e2le et c&#8217;est parti.<\/strong><strong style=\"color: #a76e9a;line-height: 2rem\"> Pour les couples avec un sens de l&#8217;humour. Pour une sortie agr\u00e9able avec des amis. Pour les familles avec des adolescents. Lors d&#8217;une course d&#8217;\u00e9cole ou d&#8217;un \u00e9v\u00e9nement d&#8217;\u00e9quipe. Avec Daniel, vous ne risquez pas de vous ennuyer.<\/strong><\/p>\n<\/div>\n<p>&nbsp;<\/p>\n<p><iframe src=\"https:\/\/www.youtube.com\/embed\/6ZjJfB131UE\" width=\"560\" height=\"315\" frameborder=\"0\"><\/iframe><\/p>\n<p>Ce parcours d\u00e9marre au Spalentor \u00e0 B\u00e2le, 10mins de la gare (en tram). Daniel ne s\u2019est pas rendu comme convenu au point de rencontre. Tu dois donc le trouver. Le fichier te donne un premier \u00e9nigme \u00e0 r\u00e9soudre. Regarde bien autour de toi et combine judicieusement.<\/p>\n<p>Envoye ta solution par message dans le chat \u00e0 Daniel. Si la solution est correcte, tu re\u00e7ois des instructions pour le prochain poste. Mes \u00e9nigmes sont intelligentes et nous nous amusons bien ensemble.<\/p>\n<p>J&#8217;ai fait des recherches approfondies sur les lieux que nous visiterons ensemble et j&#8217;ai tout r\u00e9sum\u00e9 dans le dossier de visite. De cette mani\u00e8re, vous d\u00e9couvrirez en m\u00eame temps de nombreux faits sur les curiosit\u00e9s visit\u00e9es et vivrez une excursion amusante \u00e0 B\u00e2le.<\/p>\n<p>Vous pouvez compter sur moi : Je fais de la visite touristique un jeu passionnant. De la mairie de B\u00e2le au Petit-B\u00e2le, \u00e0 travers les jolies ruelles jusqu&#8217;au Rhin et en bateau jusqu&#8217;\u00e0 l&#8217;autre c\u00f4t\u00e9. Vous me poursuivez et vous essayez de me trouver.<\/p>\n<p><strong><span style=\"color: #a76e9a\">Sights, Facts &amp; Fun vous attendent lors du jeu de piste avec moi, votre Daniel.<\/span> <\/strong><\/p>\n<p><strong><span style=\"color: #a76e9a\"> Dur\u00e9e:<\/span> <\/strong> 2 &#8211; 3h<br \/>\n<strong><span style=\"color: #a76e9a\">D\u00e9but &amp; fin:<\/span>\u00a0<\/strong> <a href=\"https:\/\/maps.app.goo.gl\/7CTvs6iwVeNRi1Vr5\" target=\"_blank\" rel=\"noopener\">Spalentor<\/a> -&gt; <a href=\"https:\/\/maps.app.goo.gl\/ccLawCBs9BthmCvW9\" target=\"_blank\" rel=\"noopener\">Mittlere Br\u00fccke<\/a> en passant par 9 points forts suppl\u00e9mentaires<\/p>\n<p><strong><span style=\"color: #a76e9a\"> Route:<\/span> <\/strong> env. 4,5 km, terrain facile, escaliers par endroits.<br \/>\n<strong><span style=\"color: #a76e9a\"> Transport public: <\/span><\/strong> Vous prenez le bus pour aller au permier poste et pour retourner \u00e0 la gare. Le billet est \u00e0 acheter s\u00e9parement. Possibilit\u00e9 optionnelle de prendre la navette (2.- \/ personne) selon la saison.<\/p>\n<p><strong><span style=\"color: #a76e9a\"> Heures d\u2019ouverture: <\/span><\/strong>tous les jours 24\/7. Pas de r\u00e9servation n\u00e9cessaire.<\/p>\n","protected":false},"excerpt":{"rendered":"<table style=\"width: 100%\">\n<tbody>\n<tr>\n<th><img fetchpriority=\"high\" decoding=\"async\" class=\"alignleft wp-image-8055 size-full\" src=\"https:\/\/finding-daniel.ch\/wp-content\/uploads\/sites\/16\/2024\/07\/button-produkt-finding-daniel-local-F.jpg\" alt=\"\" width=\"591\" height=\"591\" \/><\/th>\n<td>D\u00e9couvrez les coins de B\u00e2le que la plupart des gens manquent. Daniel donne des id\u00e9es de lieux sympas.<\/td>\n<\/tr>\n<tr>\n<td><img decoding=\"async\" class=\"alignleft wp-image-8056 size-full\" src=\"https:\/\/finding-daniel.ch\/wp-content\/uploads\/sites\/16\/2024\/07\/button-produkt-finding-daniel-spass-im-team-F.jpg\" alt=\"\" width=\"591\" height=\"591\" \/><\/td>\n<td>Ensemble, vous r\u00e9solvez les \u00e9nigmes de Daniel. Un jeu de piste \u00e0 travers la ville.<\/td>\n<\/tr>\n<tr>\n<td><img decoding=\"async\" class=\"alignleft wp-image-8057 size-full\" src=\"https:\/\/finding-daniel.ch\/wp-content\/uploads\/sites\/16\/2024\/04\/Logo-Produktansicht-Sights-Facts-Fun.png\" alt=\"\" width=\"591\" height=\"591\" \/><\/td>\n<td>Vous apprenez toutes sortes de choses sur la ville et son histoire. Daniel vous guidera vers toutes les attractions incontournables.<\/td>\n<\/tr>\n<\/tbody>\n<\/table>\n<p>&nbsp;<\/p>\n","protected":false},"featured_media":22700,"comment_status":"open","ping_status":"closed","template":"","meta":{"inline_featured_image":false,"site-sidebar-layout":"default","site-content-layout":"","ast-site-content-layout":"default","site-content-style":"default","site-sidebar-style":"default","ast-global-header-display":"","ast-banner-title-visibility":"","ast-main-header-display":"","ast-hfb-above-header-display":"","ast-hfb-below-header-display":"","ast-hfb-mobile-header-display":"","site-post-title":"","ast-breadcrumbs-content":"","ast-featured-img":"","footer-sml-layout":"","ast-disable-related-posts":"","theme-transparent-header-meta":"default","adv-header-id-meta":"","stick-header-meta":"default","header-above-stick-meta":"","header-main-stick-meta":"","header-below-stick-meta":"","astra-migrate-meta-layouts":"set","ast-page-background-enabled":"default","ast-page-background-meta":{"desktop":{"background-color":"var(--ast-global-color-4)","background-image":"","background-repeat":"repeat","background-position":"center center","background-size":"auto","background-attachment":"scroll","background-type":"","background-media":"","overlay-type":"","overlay-color":"","overlay-opacity":"","overlay-gradient":""},"tablet":{"background-color":"","background-image":"","background-repeat":"repeat","background-position":"center center","background-size":"auto","background-attachment":"scroll","background-type":"","background-media":"","overlay-type":"","overlay-color":"","overlay-opacity":"","overlay-gradient":""},"mobile":{"background-color":"","background-image":"","background-repeat":"repeat","background-position":"center center","background-size":"auto","background-attachment":"scroll","background-type":"","background-media":"","overlay-type":"","overlay-color":"","overlay-opacity":"","overlay-gradient":""}},"ast-content-background-meta":{"desktop":{"background-color":"var(--ast-global-color-5)","background-image":"","background-repeat":"repeat","background-position":"center center","background-size":"auto","background-attachment":"scroll","background-type":"","background-media":"","overlay-type":"","overlay-color":"","overlay-opacity":"","overlay-gradient":""},"tablet":{"background-color":"var(--ast-global-color-5)","background-image":"","background-repeat":"repeat","background-position":"center center","background-size":"auto","background-attachment":"scroll","background-type":"","background-media":"","overlay-type":"","overlay-color":"","overlay-opacity":"","overlay-gradient":""},"mobile":{"background-color":"var(--ast-global-color-5)","background-image":"","background-repeat":"repeat","background-position":"center center","background-size":"auto","background-attachment":"scroll","background-type":"","background-media":"","overlay-type":"","overlay-color":"","overlay-opacity":"","overlay-gradient":""}}},"product_brand":[],"product_cat":[159,181,41,168],"product_tag":[],"class_list":{"0":"post-11993","1":"product","2":"type-product","3":"status-publish","4":"has-post-thumbnail","6":"product_cat-adapte-aux-chiens","7":"product_cat-au-bord-de-leau","8":"product_cat-finding-daniel-trails-fr","9":"product_cat-suisse-nord-ouest","10":"desktop-align-center","11":"tablet-align-left","12":"mobile-align-left","13":"ast-product-gallery-layout-horizontal-slider","14":"ast-product-tabs-layout-horizontal","16":"first","17":"instock","18":"downloadable","19":"virtual","20":"taxable","21":"purchasable","22":"product-type-simple"},"_links":{"self":[{"href":"https:\/\/finding-daniel.ch\/fr\/wp-json\/wp\/v2\/product\/11993","targetHints":{"allow":["GET"]}}],"collection":[{"href":"https:\/\/finding-daniel.ch\/fr\/wp-json\/wp\/v2\/product"}],"about":[{"href":"https:\/\/finding-daniel.ch\/fr\/wp-json\/wp\/v2\/types\/product"}],"replies":[{"embeddable":true,"href":"https:\/\/finding-daniel.ch\/fr\/wp-json\/wp\/v2\/comments?post=11993"}],"version-history":[{"count":0,"href":"https:\/\/finding-daniel.ch\/fr\/wp-json\/wp\/v2\/product\/11993\/revisions"}],"wp:featuredmedia":[{"embeddable":true,"href":"https:\/\/finding-daniel.ch\/fr\/wp-json\/wp\/v2\/media\/22700"}],"wp:attachment":[{"href":"https:\/\/finding-daniel.ch\/fr\/wp-json\/wp\/v2\/media?parent=11993"}],"wp:term":[{"taxonomy":"product_brand","embeddable":true,"href":"https:\/\/finding-daniel.ch\/fr\/wp-json\/wp\/v2\/product_brand?post=11993"},{"taxonomy":"product_cat","embeddable":true,"href":"https:\/\/finding-daniel.ch\/fr\/wp-json\/wp\/v2\/product_cat?post=11993"},{"taxonomy":"product_tag","embeddable":true,"href":"https:\/\/finding-daniel.ch\/fr\/wp-json\/wp\/v2\/product_tag?post=11993"}],"curies":[{"name":"wp","href":"https:\/\/api.w.org\/{rel}","templated":true}]}}