{"id":11989,"date":"2020-04-19T12:11:44","date_gmt":"2020-04-19T10:11:44","guid":{"rendered":"https:\/\/newsystem-finding-daniel.ch\/produkt\/finding-daniel-jeu-de-piste-aux-lieus-touristiques-de-bienne\/"},"modified":"2026-05-02T19:39:16","modified_gmt":"2026-05-02T17:39:16","slug":"finding-daniel-jeu-de-piste-aux-lieus-touristiques-de-bienne","status":"publish","type":"product","link":"https:\/\/finding-daniel.ch\/fr\/produit\/finding-daniel-jeu-de-piste-aux-lieus-touristiques-de-bienne\/","title":{"rendered":"Bienne &#8211; Ville de l&#8217;horlogerie"},"content":{"rendered":"<div style=\"background-color: #f4f4f4;padding: 20px\">\n<p><strong style=\"color: #a76e9a;line-height: 2rem\"> Salut, c&#8217;est moi : Daniel. D\u00e9couvrez de nouveaux points de vue lors de cette excursion dans la ville bilingue du lac de Bienne. Au m\u00eame temps, je vous raconte plein de choses int\u00e9ressantes sur l&#8217;histoire de l&#8217;horlogerie ici \u00e0 Bienne. En chemin, vous r\u00e9soudrez des \u00e9nigmes cr\u00e9atives, mais aussi exigeantes. Vous pouvez acheter mon Citytrail \u00e0 tout moment. Il suffit d&#8217;imprimer le dossier de visite, de planifier l&#8217;excursion \u00e0 Bienne et c&#8217;est parti.<\/strong><strong style=\"color: #a76e9a;line-height: 2rem\"> Pour les couples avec un sens de l&#8217;humour. Pour une sortie agr\u00e9able avec des amis. Pour les familles avec des adolescents. Lors d&#8217;une course d&#8217;\u00e9cole ou d&#8217;un \u00e9v\u00e9nement d&#8217;\u00e9quipe. Avec Daniel, vous ne risquez pas de vous ennuyer.<\/strong><\/p>\n<\/div>\n<p>&nbsp;<\/p>\n<p><iframe src=\"https:\/\/www.youtube.com\/embed\/6QmEaIHJ4K8\" width=\"560\" height=\"315\" frameborder=\"0\"><\/iframe><\/p>\n<p>Ce parcours d\u00e9marre \u00e0 la gare. Daniel ne s\u2019est pas rendu comme convenu au point de rencontre. Tu dois donc le trouver. Le fichier te donne un premier \u00e9nigme \u00e0 r\u00e9soudre. Regarde bien autour de toi et combine judicieusement.<br \/>\nEnvoye ta solution par message dans le chat \u00e0 Daniel. Si la solution est correcte, tu re\u00e7ois des instructions pour le prochain poste. Mes \u00e9nigmes sont intelligentes et nous nous amusons bien ensemble.<\/p>\n<p>J&#8217;ai fait des recherches approfondies sur les lieux que nous visiterons ensemble et j&#8217;ai tout r\u00e9sum\u00e9 dans le dossier de visite. De cette mani\u00e8re, vous d\u00e9couvrirez en m\u00eame temps de nombreux faits sur les curiosit\u00e9s visit\u00e9es et vivrez une excursion amusante \u00e0 Bienne.<\/p>\n<p>Vous pouvez compter sur moi : Je transforme les visites touristiques en un jeu passionnant. Du lac de Bienne idyllique au mus\u00e9e Swatch innovant, en passant par la charmante vieille ville, vous me poursuivez et essayez de me trouver.<\/p>\n<p><strong><span style=\"color: #a76e9a\">Sights, Facts &amp; Fun vous attendent lors du jeu de piste avec moi, votre Daniel.<\/span> <\/strong><\/p>\n<p><strong><span style=\"color: #a76e9a\"> Dur\u00e9e:<\/span> <\/strong> 2 &#8211; 3h<\/p>\n<p><strong><span style=\"color: #a76e9a\"> Route:<\/span> <\/strong> environ 4 km, terrain facile<br \/>\nLe trail commence au centre ville et se termine \u00e0 15min \u00e0 pieds de la ville. En bus \u00e0 5min.<\/p>\n<p><strong><span style=\"color: #a76e9a\">Transport publique: <\/span><\/strong> Vous avez l&#8217;option de prendre le bus pour aller au dernier poste et retourner \u00e0 la centre ville. Le billet est \u00e0 acheter s\u00e9parement.<\/p>\n<p><strong><span style=\"color: #a76e9a\">D\u00e9but &amp; fin:<\/span> <\/strong><a href=\"https:\/\/maps.app.goo.gl\/SHEbiEKfGktm3xUc6\">gare<\/a> -&gt;\u00a0 <a href=\"https:\/\/maps.app.goo.gl\/wEfdpDmo3VHBXuqL6\">Cit\u00e9 du temps<\/a> en passant par 9 points forts suppl\u00e9mentaires<\/p>\n<p><strong><span style=\"color: #a76e9a\"> Heures d\u2019ouverture: <\/span><\/strong>tous les jours 24\/7. Pas de r\u00e9servation n\u00e9cessaire.<\/p>\n<p><strong><span style=\"color: #a76e9a\">Aussi disponible \u00e0:<\/span> <\/strong>l&#8217;office de tourisme Jura3lacs, place de la gare 12, <a href=\"https:\/\/www.j3l.ch\/fr\/Z10413\/planifier\/offices-teams\/tourisme-bienne-seeland\">pendant les heures d&#8217;ouverture.<\/a><\/p>\n","protected":false},"excerpt":{"rendered":"<table style=\"width: 100%\">\n<tbody>\n<tr>\n<th><img fetchpriority=\"high\" decoding=\"async\" class=\"alignleft wp-image-8055 size-full\" src=\"https:\/\/finding-daniel.ch\/wp-content\/uploads\/sites\/16\/2024\/07\/button-produkt-finding-daniel-local-F.jpg\" alt=\"\" width=\"591\" height=\"591\" \/><\/th>\n<td>D\u00e9couvrez les coins de Bienne que la plupart des gens manquent. Daniel donne des id\u00e9es de lieux sympas.<\/td>\n<\/tr>\n<tr>\n<td><img decoding=\"async\" class=\"alignleft wp-image-8056 size-full\" src=\"https:\/\/finding-daniel.ch\/wp-content\/uploads\/sites\/16\/2024\/07\/button-produkt-finding-daniel-spass-im-team-F.jpg\" alt=\"\" width=\"591\" height=\"591\" \/><\/td>\n<td>Ensemble, vous r\u00e9solvez les \u00e9nigmes de Daniel. Un jeu de piste \u00e0 travers la ville.<\/td>\n<\/tr>\n<tr>\n<td><img decoding=\"async\" class=\"alignleft wp-image-8057 size-full\" src=\"https:\/\/finding-daniel.ch\/wp-content\/uploads\/sites\/16\/2024\/04\/Logo-Produktansicht-Sights-Facts-Fun.png\" alt=\"\" width=\"591\" height=\"591\" \/><\/td>\n<td>Vous apprenez toutes sortes de choses sur la ville et sur l&#8217;horlogerie en Suisse. Daniel vous guidera vers toutes les attractions incontournables.<\/td>\n<\/tr>\n<\/tbody>\n<\/table>\n<p>&nbsp;<\/p>\n","protected":false},"featured_media":18618,"comment_status":"open","ping_status":"closed","template":"","meta":{"inline_featured_image":false,"site-sidebar-layout":"default","site-content-layout":"","ast-site-content-layout":"default","site-content-style":"default","site-sidebar-style":"default","ast-global-header-display":"","ast-banner-title-visibility":"","ast-main-header-display":"","ast-hfb-above-header-display":"","ast-hfb-below-header-display":"","ast-hfb-mobile-header-display":"","site-post-title":"","ast-breadcrumbs-content":"","ast-featured-img":"","footer-sml-layout":"","ast-disable-related-posts":"","theme-transparent-header-meta":"default","adv-header-id-meta":"","stick-header-meta":"default","header-above-stick-meta":"","header-main-stick-meta":"","header-below-stick-meta":"","astra-migrate-meta-layouts":"set","ast-page-background-enabled":"default","ast-page-background-meta":{"desktop":{"background-color":"var(--ast-global-color-4)","background-image":"","background-repeat":"repeat","background-position":"center center","background-size":"auto","background-attachment":"scroll","background-type":"","background-media":"","overlay-type":"","overlay-color":"","overlay-opacity":"","overlay-gradient":""},"tablet":{"background-color":"","background-image":"","background-repeat":"repeat","background-position":"center center","background-size":"auto","background-attachment":"scroll","background-type":"","background-media":"","overlay-type":"","overlay-color":"","overlay-opacity":"","overlay-gradient":""},"mobile":{"background-color":"","background-image":"","background-repeat":"repeat","background-position":"center center","background-size":"auto","background-attachment":"scroll","background-type":"","background-media":"","overlay-type":"","overlay-color":"","overlay-opacity":"","overlay-gradient":""}},"ast-content-background-meta":{"desktop":{"background-color":"var(--ast-global-color-5)","background-image":"","background-repeat":"repeat","background-position":"center center","background-size":"auto","background-attachment":"scroll","background-type":"","background-media":"","overlay-type":"","overlay-color":"","overlay-opacity":"","overlay-gradient":""},"tablet":{"background-color":"var(--ast-global-color-5)","background-image":"","background-repeat":"repeat","background-position":"center center","background-size":"auto","background-attachment":"scroll","background-type":"","background-media":"","overlay-type":"","overlay-color":"","overlay-opacity":"","overlay-gradient":""},"mobile":{"background-color":"var(--ast-global-color-5)","background-image":"","background-repeat":"repeat","background-position":"center center","background-size":"auto","background-attachment":"scroll","background-type":"","background-media":"","overlay-type":"","overlay-color":"","overlay-opacity":"","overlay-gradient":""}}},"product_brand":[],"product_cat":[159,181,182,166,41,165],"product_tag":[],"class_list":{"0":"post-11989","1":"product","2":"type-product","3":"status-publish","4":"has-post-thumbnail","6":"product_cat-adapte-aux-chiens","7":"product_cat-au-bord-de-leau","8":"product_cat-chaise-roulante-pousettes","9":"product_cat-espace-mittelland","10":"product_cat-finding-daniel-trails-fr","11":"product_cat-pays-des-trois-lacs","12":"desktop-align-center","13":"tablet-align-left","14":"mobile-align-left","15":"ast-product-gallery-layout-horizontal-slider","16":"ast-product-tabs-layout-horizontal","18":"first","19":"instock","20":"downloadable","21":"virtual","22":"taxable","23":"purchasable","24":"product-type-simple"},"_links":{"self":[{"href":"https:\/\/finding-daniel.ch\/fr\/wp-json\/wp\/v2\/product\/11989","targetHints":{"allow":["GET"]}}],"collection":[{"href":"https:\/\/finding-daniel.ch\/fr\/wp-json\/wp\/v2\/product"}],"about":[{"href":"https:\/\/finding-daniel.ch\/fr\/wp-json\/wp\/v2\/types\/product"}],"replies":[{"embeddable":true,"href":"https:\/\/finding-daniel.ch\/fr\/wp-json\/wp\/v2\/comments?post=11989"}],"version-history":[{"count":0,"href":"https:\/\/finding-daniel.ch\/fr\/wp-json\/wp\/v2\/product\/11989\/revisions"}],"wp:featuredmedia":[{"embeddable":true,"href":"https:\/\/finding-daniel.ch\/fr\/wp-json\/wp\/v2\/media\/18618"}],"wp:attachment":[{"href":"https:\/\/finding-daniel.ch\/fr\/wp-json\/wp\/v2\/media?parent=11989"}],"wp:term":[{"taxonomy":"product_brand","embeddable":true,"href":"https:\/\/finding-daniel.ch\/fr\/wp-json\/wp\/v2\/product_brand?post=11989"},{"taxonomy":"product_cat","embeddable":true,"href":"https:\/\/finding-daniel.ch\/fr\/wp-json\/wp\/v2\/product_cat?post=11989"},{"taxonomy":"product_tag","embeddable":true,"href":"https:\/\/finding-daniel.ch\/fr\/wp-json\/wp\/v2\/product_tag?post=11989"}],"curies":[{"name":"wp","href":"https:\/\/api.w.org\/{rel}","templated":true}]}}