{"id":11985,"date":"2022-06-27T12:08:29","date_gmt":"2022-06-27T10:08:29","guid":{"rendered":"https:\/\/newsystem-finding-daniel.ch\/produkt\/geneve-jeu-de-pistes-toutes-les-attractions\/"},"modified":"2025-08-03T18:29:09","modified_gmt":"2025-08-03T16:29:09","slug":"geneve-jeu-de-pistes-toutes-les-attractions","status":"publish","type":"product","link":"https:\/\/finding-daniel.ch\/fr\/produit\/geneve-jeu-de-pistes-toutes-les-attractions\/","title":{"rendered":"Gen\u00e8ve &#8211; Toutes ses facettes"},"content":{"rendered":"<div style=\"background-color: #f4f4f4;padding: 20px\">\n<p><strong style=\"color: #a76e9a;line-height: 2rem\">Salut, c&#8217;est moi : Daniel. Une excursion int\u00e9ressante commence. Ensemble, nous partons pour un jeu de piste \u00e0 Gen\u00e8ve. Au cours d&#8217;une promenade, je vous conduirai vers les attractions touristiques et vous montrerai mes endroits pr\u00e9f\u00e9r\u00e9s dans la ville situ\u00e9e au bord du Lac L\u00e9man. En chemin, vous r\u00e9soudrez des \u00e9nigmes cr\u00e9atives, mais aussi exigeantes. <\/strong><\/p>\n<p><strong style=\"color: #a76e9a;line-height: 2rem\">Vous pouvez acheter mon Citytrail \u00e0 tout moment. Il suffit d&#8217;imprimer le dossier de visite, de planifier l&#8217;excursion \u00e0 Gen\u00e8ve et c&#8217;est parti.<\/strong><strong style=\"color: #a76e9a;line-height: 2rem\"> Pour les couples avec un sens de l&#8217;humour. Pour une sortie agr\u00e9able avec des amis. Pour les familles avec des adolescents. Lors d&#8217;une course d&#8217;\u00e9cole ou d&#8217;un \u00e9v\u00e9nement d&#8217;\u00e9quipe. Avec Daniel, vous ne risquez pas de vous ennuyer.<\/strong><\/p>\n<\/div>\n<p>&nbsp;<\/p>\n<p><iframe src=\"https:\/\/www.youtube.com\/embed\/PHfs9X8t7IQ\" width=\"560\" height=\"315\" frameborder=\"0\"><\/iframe><\/p>\n<p>Ce parcours d\u00e9marre \u00e0 la gare. Daniel ne s\u2019est pas rendu comme convenu au point de rencontre. Tu dois donc le trouver. Le fichier te donne un premier \u00e9nigme \u00e0 r\u00e9soudre. Regarde bien autour de toi et combine judicieusement.<br \/>\nEnvoye ta solution par message dans le chat \u00e0 Daniel. Si la solution est correcte, tu re\u00e7ois des instructions pour le prochain poste. Mes \u00e9nigmes sont intelligentes et nous nous amusons bien ensemble.<\/p>\n<p>J&#8217;ai fait des recherches approfondies sur les lieux que nous visiterons ensemble et j&#8217;ai tout r\u00e9sum\u00e9 dans le dossier de visite. De cette mani\u00e8re, vous d\u00e9couvrirez en m\u00eame temps de nombreux faits sur les curiosit\u00e9s visit\u00e9es et vivrez une excursion amusante \u00e0 Gen\u00e8ve.<\/p>\n<p><strong><span style=\"color: #a76e9a\"> Dur\u00e9e:<\/span> <\/strong> 2.5 \u2013 3.5h<\/p>\n<p><strong><span style=\"color: #a76e9a\"> Route:<\/span> <\/strong> 5,2 km, terrain facile, escaliers. Vous vous d\u00e9placez en transports publics. Le ticket correspondant est \u00e0 acheter s\u00e9par\u00e9ment. Je vous conseille une carte journali\u00e8re.<\/p>\n<p><strong><span style=\"color: #a76e9a\">D\u00e9but &amp; fin:<\/span>\u00a0<\/strong> <a href=\"https:\/\/maps.app.goo.gl\/7hBFHrjK2EENPnqo8\">gare<\/a> Genf Cornavin -&gt; <a href=\"https:\/\/maps.app.goo.gl\/Eeird7HQbPp3zciP6\">le mur des r\u00e9formateurs<\/a> en passant par 8 points forts suppl\u00e9mentaires<\/p>\n<p><strong><span style=\"color: #a76e9a\"> Heures d\u2019ouverture: <\/span><\/strong>tous les jours 24\/7. Pas de r\u00e9servation n\u00e9cessaire.<\/p>\n","protected":false},"excerpt":{"rendered":"<table style=\"width: 100%\">\n<tbody>\n<tr>\n<th><img fetchpriority=\"high\" decoding=\"async\" class=\"alignleft wp-image-8055 size-full\" src=\"https:\/\/finding-daniel.ch\/wp-content\/uploads\/sites\/16\/2024\/07\/button-produkt-finding-daniel-local-F.jpg\" alt=\"\" width=\"591\" height=\"591\" \/><\/th>\n<td>D\u00e9couvrez les coins de Gen\u00e8ve que la plupart des gens manquent. Daniel donne des id\u00e9es de lieux sympas.<\/td>\n<\/tr>\n<tr>\n<td><img decoding=\"async\" class=\"alignleft wp-image-8056 size-full\" src=\"https:\/\/finding-daniel.ch\/wp-content\/uploads\/sites\/16\/2024\/07\/button-produkt-finding-daniel-spass-im-team-F.jpg\" alt=\"\" width=\"591\" height=\"591\" \/><\/td>\n<td>Ensemble, vous r\u00e9solvez les \u00e9nigmes de Daniel. Un jeu de piste \u00e0 travers la ville.<\/td>\n<\/tr>\n<tr>\n<td><img decoding=\"async\" class=\"alignleft wp-image-8057 size-full\" src=\"https:\/\/finding-daniel.ch\/wp-content\/uploads\/sites\/16\/2024\/04\/Logo-Produktansicht-Sights-Facts-Fun.png\" alt=\"\" width=\"591\" height=\"591\" \/><\/td>\n<td>Daniel vous guidera vers toutes les attractions incontournables.<\/td>\n<\/tr>\n<\/tbody>\n<\/table>\n<p>&nbsp;<\/p>\n","protected":false},"featured_media":18564,"comment_status":"open","ping_status":"closed","template":"","meta":{"inline_featured_image":false,"site-sidebar-layout":"default","site-content-layout":"","ast-site-content-layout":"default","site-content-style":"default","site-sidebar-style":"default","ast-global-header-display":"","ast-banner-title-visibility":"","ast-main-header-display":"","ast-hfb-above-header-display":"","ast-hfb-below-header-display":"","ast-hfb-mobile-header-display":"","site-post-title":"","ast-breadcrumbs-content":"","ast-featured-img":"","footer-sml-layout":"","ast-disable-related-posts":"","theme-transparent-header-meta":"default","adv-header-id-meta":"","stick-header-meta":"default","header-above-stick-meta":"","header-main-stick-meta":"","header-below-stick-meta":"","astra-migrate-meta-layouts":"set","ast-page-background-enabled":"default","ast-page-background-meta":{"desktop":{"background-color":"var(--ast-global-color-4)","background-image":"","background-repeat":"repeat","background-position":"center center","background-size":"auto","background-attachment":"scroll","background-type":"","background-media":"","overlay-type":"","overlay-color":"","overlay-opacity":"","overlay-gradient":""},"tablet":{"background-color":"","background-image":"","background-repeat":"repeat","background-position":"center center","background-size":"auto","background-attachment":"scroll","background-type":"","background-media":"","overlay-type":"","overlay-color":"","overlay-opacity":"","overlay-gradient":""},"mobile":{"background-color":"","background-image":"","background-repeat":"repeat","background-position":"center center","background-size":"auto","background-attachment":"scroll","background-type":"","background-media":"","overlay-type":"","overlay-color":"","overlay-opacity":"","overlay-gradient":""}},"ast-content-background-meta":{"desktop":{"background-color":"var(--ast-global-color-5)","background-image":"","background-repeat":"repeat","background-position":"center center","background-size":"auto","background-attachment":"scroll","background-type":"","background-media":"","overlay-type":"","overlay-color":"","overlay-opacity":"","overlay-gradient":""},"tablet":{"background-color":"var(--ast-global-color-5)","background-image":"","background-repeat":"repeat","background-position":"center center","background-size":"auto","background-attachment":"scroll","background-type":"","background-media":"","overlay-type":"","overlay-color":"","overlay-opacity":"","overlay-gradient":""},"mobile":{"background-color":"var(--ast-global-color-5)","background-image":"","background-repeat":"repeat","background-position":"center center","background-size":"auto","background-attachment":"scroll","background-type":"","background-media":"","overlay-type":"","overlay-color":"","overlay-opacity":"","overlay-gradient":""}}},"product_brand":[],"product_cat":[159,181,41,169],"product_tag":[],"class_list":{"0":"post-11985","1":"product","2":"type-product","3":"status-publish","4":"has-post-thumbnail","6":"product_cat-adapte-aux-chiens","7":"product_cat-au-bord-de-leau","8":"product_cat-finding-daniel-trails-fr","9":"product_cat-lac-leman","10":"desktop-align-center","11":"tablet-align-left","12":"mobile-align-left","13":"ast-product-gallery-layout-horizontal-slider","14":"ast-product-tabs-layout-horizontal","16":"first","17":"instock","18":"downloadable","19":"virtual","20":"taxable","21":"purchasable","22":"product-type-simple"},"_links":{"self":[{"href":"https:\/\/finding-daniel.ch\/fr\/wp-json\/wp\/v2\/product\/11985","targetHints":{"allow":["GET"]}}],"collection":[{"href":"https:\/\/finding-daniel.ch\/fr\/wp-json\/wp\/v2\/product"}],"about":[{"href":"https:\/\/finding-daniel.ch\/fr\/wp-json\/wp\/v2\/types\/product"}],"replies":[{"embeddable":true,"href":"https:\/\/finding-daniel.ch\/fr\/wp-json\/wp\/v2\/comments?post=11985"}],"version-history":[{"count":0,"href":"https:\/\/finding-daniel.ch\/fr\/wp-json\/wp\/v2\/product\/11985\/revisions"}],"wp:featuredmedia":[{"embeddable":true,"href":"https:\/\/finding-daniel.ch\/fr\/wp-json\/wp\/v2\/media\/18564"}],"wp:attachment":[{"href":"https:\/\/finding-daniel.ch\/fr\/wp-json\/wp\/v2\/media?parent=11985"}],"wp:term":[{"taxonomy":"product_brand","embeddable":true,"href":"https:\/\/finding-daniel.ch\/fr\/wp-json\/wp\/v2\/product_brand?post=11985"},{"taxonomy":"product_cat","embeddable":true,"href":"https:\/\/finding-daniel.ch\/fr\/wp-json\/wp\/v2\/product_cat?post=11985"},{"taxonomy":"product_tag","embeddable":true,"href":"https:\/\/finding-daniel.ch\/fr\/wp-json\/wp\/v2\/product_tag?post=11985"}],"curies":[{"name":"wp","href":"https:\/\/api.w.org\/{rel}","templated":true}]}}