{"id":11970,"date":"2020-09-15T09:08:17","date_gmt":"2020-09-15T07:08:17","guid":{"rendered":"https:\/\/newsystem-finding-daniel.ch\/produkt\/murten-tour-culture\/"},"modified":"2026-02-14T13:21:48","modified_gmt":"2026-02-14T12:21:48","slug":"murten-tour-culture","status":"publish","type":"product","link":"https:\/\/finding-daniel.ch\/fr\/produit\/murten-tour-culture\/","title":{"rendered":"Morat &#8211; Tour culture"},"content":{"rendered":"<div style=\"background-color: #f4f4f4;padding: 20px\">\n<p><strong style=\"color: #a76e9a;line-height: 2rem\">Salut, c&#8217;est moi : Daniel. Une excursion int\u00e9ressante commence. Ensemble, nous partons pour un jeu de piste \u00e0 Morat, la ville m\u00e9die\u00e9val. Vous d\u00e9couvrez les diverses offres culturelles de la ville et apprenez des faits passionnants sur les traditions tant anciennes que nouvelles. En chemin, vous r\u00e9soudrez des \u00e9nigmes cr\u00e9atives, mais aussi exigeantes. <\/strong><\/p>\n<p><strong style=\"color: #a76e9a;line-height: 2rem\">Vous pouvez acheter mon Citytrail \u00e0 tout moment. Il suffit d&#8217;imprimer le dossier de visite, de planifier l&#8217;excursion \u00e0 Morat et c&#8217;est parti.<\/strong><strong style=\"color: #a76e9a;line-height: 2rem\"> Pour les couples avec un sens de l&#8217;humour. Pour une sortie agr\u00e9able avec des amis. Pour les familles avec des adolescents. Lors d&#8217;une course d&#8217;\u00e9cole ou d&#8217;un \u00e9v\u00e9nement d&#8217;\u00e9quipe. Avec Daniel, vous ne risquez pas de vous ennuyer.<\/strong><\/p>\n<\/div>\n<p>&nbsp;<\/p>\n<p><iframe src=\"https:\/\/www.youtube.com\/embed\/pf7KElG_Ums\" width=\"560\" height=\"315\" frameborder=\"0\"><\/iframe><\/p>\n<p>Ce parcours d\u00e9marre \u00e0 3minutes de la gare. Daniel ne s\u2019est pas rendu comme convenu au point de rencontre. Tu dois donc le trouver. Le fichier te donne un premier \u00e9nigme \u00e0 r\u00e9soudre. Regarde bien autour de toi et combine judicieusement.<\/p>\n<p>Envoye ta solution par message dans le chat \u00e0 Daniel. Si la solution est correcte, tu re\u00e7ois des instructions pour le prochain poste. Mes \u00e9nigmes sont intelligentes et nous nous amusons bien ensemble.<br \/>\nJ&#8217;ai fait des recherches approfondies sur les lieux que nous visiterons ensemble et j&#8217;ai tout r\u00e9sum\u00e9 dans le dossier de visite. De cette mani\u00e8re, vous d\u00e9couvrirez en m\u00eame temps de nombreux faits sur les curiosit\u00e9s visit\u00e9es et vivrez une excursion amusante \u00e0 Morat.<br \/>\n<strong><span style=\"color: #a76e9a\"><br \/>\nDur\u00e9e:<\/span> <\/strong> 2 \u2013 2.5h<br \/>\n<strong style=\"font-size: 16px\"><span style=\"color: #a76e9a\">Route:<\/span> <\/strong><span style=\"font-size: 16px\"> environ 4km, terrain facile<br \/>\n<strong><span style=\"color: #a76e9a\">D\u00e9but &amp; fin:<\/span> <\/strong><a href=\"https:\/\/maps.app.goo.gl\/MQb6cyu9Kk1iFHPW6\">mus\u00e9e de Morat<\/a> -&gt; <a href=\"https:\/\/maps.app.goo.gl\/sLTed37aypCkJ8kW9\">lac<\/a> en passant par 8 points forts suppl\u00e9mentaires<br \/>\n<\/span><strong style=\"font-size: 16px\"><span style=\"color: #a76e9a\">Heures d\u2019ouverture: <\/span><\/strong><span style=\"font-size: 16px\">tous les jours 24\/7. Pas de r\u00e9servation n\u00e9cessaire.<\/span><\/p>\n","protected":false},"excerpt":{"rendered":"<table style=\"width: 100%\">\n<tbody>\n<tr>\n<th><img fetchpriority=\"high\" decoding=\"async\" class=\"alignleft wp-image-8055 size-full\" src=\"https:\/\/finding-daniel.ch\/wp-content\/uploads\/sites\/16\/2024\/07\/button-produkt-finding-daniel-local-F.jpg\" alt=\"\" width=\"591\" height=\"591\" \/><\/th>\n<td>D\u00e9couvrez les coins sympas de Morat. Daniel vous guide par les chemins les plus attractifs.&gt;<\/td>\n<\/tr>\n<tr>\n<td><img decoding=\"async\" class=\"alignleft wp-image-8056 size-full\" src=\"https:\/\/finding-daniel.ch\/wp-content\/uploads\/sites\/16\/2024\/07\/button-produkt-finding-daniel-spass-im-team-F.jpg\" alt=\"\" width=\"591\" height=\"591\" \/><\/td>\n<td>Ensemble, vous r\u00e9solvez les \u00e9nigmes de Daniel. Un jeu de piste \u00e0 travers la ville.<\/td>\n<\/tr>\n<tr>\n<td><img decoding=\"async\" class=\"alignleft wp-image-8057 size-full\" src=\"https:\/\/finding-daniel.ch\/wp-content\/uploads\/sites\/16\/2024\/04\/Logo-Produktansicht-Sights-Facts-Fun.png\" alt=\"\" width=\"591\" height=\"591\" \/><\/td>\n<td>Vous apprenez toutes sortes de choses sur la ville et son histoire. Daniel vous guidera vers toutes les attractions incontournables.<\/td>\n<\/tr>\n<\/tbody>\n<\/table>\n<p>&nbsp;<\/p>\n","protected":false},"featured_media":2153,"comment_status":"open","ping_status":"closed","template":"","meta":{"inline_featured_image":false,"site-sidebar-layout":"default","site-content-layout":"","ast-site-content-layout":"default","site-content-style":"default","site-sidebar-style":"default","ast-global-header-display":"","ast-banner-title-visibility":"","ast-main-header-display":"","ast-hfb-above-header-display":"","ast-hfb-below-header-display":"","ast-hfb-mobile-header-display":"","site-post-title":"","ast-breadcrumbs-content":"","ast-featured-img":"","footer-sml-layout":"","ast-disable-related-posts":"","theme-transparent-header-meta":"default","adv-header-id-meta":"","stick-header-meta":"default","header-above-stick-meta":"","header-main-stick-meta":"","header-below-stick-meta":"","astra-migrate-meta-layouts":"set","ast-page-background-enabled":"default","ast-page-background-meta":{"desktop":{"background-color":"var(--ast-global-color-4)","background-image":"","background-repeat":"repeat","background-position":"center center","background-size":"auto","background-attachment":"scroll","background-type":"","background-media":"","overlay-type":"","overlay-color":"","overlay-opacity":"","overlay-gradient":""},"tablet":{"background-color":"","background-image":"","background-repeat":"repeat","background-position":"center center","background-size":"auto","background-attachment":"scroll","background-type":"","background-media":"","overlay-type":"","overlay-color":"","overlay-opacity":"","overlay-gradient":""},"mobile":{"background-color":"","background-image":"","background-repeat":"repeat","background-position":"center center","background-size":"auto","background-attachment":"scroll","background-type":"","background-media":"","overlay-type":"","overlay-color":"","overlay-opacity":"","overlay-gradient":""}},"ast-content-background-meta":{"desktop":{"background-color":"var(--ast-global-color-5)","background-image":"","background-repeat":"repeat","background-position":"center center","background-size":"auto","background-attachment":"scroll","background-type":"","background-media":"","overlay-type":"","overlay-color":"","overlay-opacity":"","overlay-gradient":""},"tablet":{"background-color":"var(--ast-global-color-5)","background-image":"","background-repeat":"repeat","background-position":"center center","background-size":"auto","background-attachment":"scroll","background-type":"","background-media":"","overlay-type":"","overlay-color":"","overlay-opacity":"","overlay-gradient":""},"mobile":{"background-color":"var(--ast-global-color-5)","background-image":"","background-repeat":"repeat","background-position":"center center","background-size":"auto","background-attachment":"scroll","background-type":"","background-media":"","overlay-type":"","overlay-color":"","overlay-opacity":"","overlay-gradient":""}}},"product_brand":[],"product_cat":[159,181,182,166,41,165],"product_tag":[],"class_list":{"0":"post-11970","1":"product","2":"type-product","3":"status-publish","4":"has-post-thumbnail","6":"product_cat-adapte-aux-chiens","7":"product_cat-au-bord-de-leau","8":"product_cat-chaise-roulante-pousettes","9":"product_cat-espace-mittelland","10":"product_cat-finding-daniel-trails-fr","11":"product_cat-pays-des-trois-lacs","12":"desktop-align-center","13":"tablet-align-left","14":"mobile-align-left","15":"ast-product-gallery-layout-horizontal-slider","16":"ast-product-tabs-layout-horizontal","18":"first","19":"instock","20":"downloadable","21":"virtual","22":"taxable","23":"purchasable","24":"product-type-simple"},"_links":{"self":[{"href":"https:\/\/finding-daniel.ch\/fr\/wp-json\/wp\/v2\/product\/11970","targetHints":{"allow":["GET"]}}],"collection":[{"href":"https:\/\/finding-daniel.ch\/fr\/wp-json\/wp\/v2\/product"}],"about":[{"href":"https:\/\/finding-daniel.ch\/fr\/wp-json\/wp\/v2\/types\/product"}],"replies":[{"embeddable":true,"href":"https:\/\/finding-daniel.ch\/fr\/wp-json\/wp\/v2\/comments?post=11970"}],"version-history":[{"count":0,"href":"https:\/\/finding-daniel.ch\/fr\/wp-json\/wp\/v2\/product\/11970\/revisions"}],"wp:featuredmedia":[{"embeddable":true,"href":"https:\/\/finding-daniel.ch\/fr\/wp-json\/wp\/v2\/media\/2153"}],"wp:attachment":[{"href":"https:\/\/finding-daniel.ch\/fr\/wp-json\/wp\/v2\/media?parent=11970"}],"wp:term":[{"taxonomy":"product_brand","embeddable":true,"href":"https:\/\/finding-daniel.ch\/fr\/wp-json\/wp\/v2\/product_brand?post=11970"},{"taxonomy":"product_cat","embeddable":true,"href":"https:\/\/finding-daniel.ch\/fr\/wp-json\/wp\/v2\/product_cat?post=11970"},{"taxonomy":"product_tag","embeddable":true,"href":"https:\/\/finding-daniel.ch\/fr\/wp-json\/wp\/v2\/product_tag?post=11970"}],"curies":[{"name":"wp","href":"https:\/\/api.w.org\/{rel}","templated":true}]}}