{"id":20102,"date":"2024-04-10T15:16:28","date_gmt":"2024-04-10T13:16:28","guid":{"rendered":"https:\/\/finding-daniel.ch\/agb\/"},"modified":"2026-01-08T10:58:23","modified_gmt":"2026-01-08T09:58:23","slug":"conditions-generales","status":"publish","type":"page","link":"https:\/\/finding-daniel.ch\/fr\/conditions-generales\/","title":{"rendered":"Conditions g\u00e9n\u00e9rales"},"content":{"rendered":"\t\t<div data-elementor-type=\"wp-page\" data-elementor-id=\"20102\" class=\"elementor elementor-20102 elementor-10068\" data-elementor-post-type=\"page\">\n\t\t\t\t<div class=\"elementor-element elementor-element-1f6fbf86 e-flex e-con-boxed e-con e-parent\" data-id=\"1f6fbf86\" data-element_type=\"container\" data-settings=\"{&quot;jet_parallax_layout_list&quot;:[]}\">\n\t\t\t\t\t<div class=\"e-con-inner\">\n\t\t\t\t<div class=\"elementor-element elementor-element-43525c9 elementor-widget elementor-widget-heading\" data-id=\"43525c9\" data-element_type=\"widget\" data-widget_type=\"heading.default\">\n\t\t\t\t<div class=\"elementor-widget-container\">\n\t\t\t<style>\/*! elementor - v3.22.0 - 26-06-2024 *\/\n.elementor-heading-title{padding:0;margin:0;line-height:1}.elementor-widget-heading .elementor-heading-title[class*=elementor-size-]>a{color:inherit;font-size:inherit;line-height:inherit}.elementor-widget-heading .elementor-heading-title.elementor-size-small{font-size:15px}.elementor-widget-heading .elementor-heading-title.elementor-size-medium{font-size:19px}.elementor-widget-heading .elementor-heading-title.elementor-size-large{font-size:29px}.elementor-widget-heading .elementor-heading-title.elementor-size-xl{font-size:39px}.elementor-widget-heading .elementor-heading-title.elementor-size-xxl{font-size:59px}<\/style><h1 class=\"elementor-heading-title elementor-size-default\">Conditions g\u00e9n\u00e9rales<\/h1>\t\t<\/div>\n\t\t\t\t<\/div>\n\t\t\t\t<div class=\"elementor-element elementor-element-fddece3 elementor-widget elementor-widget-text-editor\" data-id=\"fddece3\" data-element_type=\"widget\" data-widget_type=\"text-editor.default\">\n\t\t\t\t<div class=\"elementor-widget-container\">\n\t\t\t<style>\/*! elementor - v3.22.0 - 26-06-2024 *\/\n.elementor-widget-text-editor.elementor-drop-cap-view-stacked .elementor-drop-cap{background-color:#69727d;color:#fff}.elementor-widget-text-editor.elementor-drop-cap-view-framed .elementor-drop-cap{color:#69727d;border:3px solid;background-color:transparent}.elementor-widget-text-editor:not(.elementor-drop-cap-view-default) .elementor-drop-cap{margin-top:8px}.elementor-widget-text-editor:not(.elementor-drop-cap-view-default) .elementor-drop-cap-letter{width:1em;height:1em}.elementor-widget-text-editor .elementor-drop-cap{float:left;text-align:center;line-height:1;font-size:50px}.elementor-widget-text-editor .elementor-drop-cap-letter{display:inline-block}<\/style>\t\t\t\t<h3><strong>\u00a7 1 Champ d&#8217;application<\/strong><\/h3><p>Les conditions g\u00e9n\u00e9rales suivantes s&#8217;appliquent aux contrats que vous concluez avec nous, MyCityHighlight AG, Talgut-Zentrum 7, 3063 Ittigen (Suisse), fournisseur via notre site internet www.finding-daniel.ch.\u00a0Les conditions g\u00e9n\u00e9rales divergentes du client ne sont pas reconnues, sauf si le fournisseur accepte express\u00e9ment leur validit\u00e9 par \u00e9crit.<\/p><p>Le client est un consommateur, dans la mesure o\u00f9 le but des livraisons et prestations command\u00e9es ne peut pas \u00eatre principalement attribu\u00e9 \u00e0 son activit\u00e9 commerciale ou professionnelle ind\u00e9pendante. En revanche, un entrepreneur est toute personne physique ou morale ou soci\u00e9t\u00e9 de personnes ayant capacit\u00e9 juridique qui, lors de la conclusion du contrat, agit dans l&#8217;exercice de son activit\u00e9 commerciale ou professionnelle ind\u00e9pendante.<\/p><h3><strong>\u00a7 2 Conclusion du contrat<\/strong><\/h3><p>Une commande n&#8217;est possible qu&#8217;avec un compte client. Si le client ne dispose pas encore d&#8217;un compte client chez MyCityHighlight AG, celui-ci sera automatiquement cr\u00e9\u00e9 pour le client apr\u00e8s la commande. La communication se fait par e-mail. Ce compte client sert \u00e0 la gestion des commandes et \u00e0 la fourniture de nos services. Via ce compte client, tous les produits de MyCityHighlight (<a href=\"https:\/\/www.mycityhighlight.com\" target=\"_blank\" rel=\"noopener\">www.mycityhighlight.com<\/a>) peuvent \u00eatre command\u00e9s et jou\u00e9s.<\/p><p>Apr\u00e8s la commande, un compte client est cr\u00e9\u00e9, qui peut \u00eatre utilis\u00e9 sur tous les sites web et plateformes de MyCityHighlight AG (si\u00e8ge : Ittigen, Suisse) et MyCityHighlight Europe GmbH (si\u00e8ge : Hambourg, Allemagne). Cela permet \u00e0 nos clients de se connecter avec les m\u00eames identifiants sur tous les sites web associ\u00e9s et simplifie le processus de commande et de gestion. Les utilisateurs ont la possibilit\u00e9 de supprimer leur compte client de mani\u00e8re autonome \u00e0 tout moment. L&#8217;option correspondante se trouve dans le compte sous l&#8217;onglet &#8216;Informations&#8217;. En plus du Finding-Daniel Citytrail, MyCityHighlight propose \u00e9galement des D\u00e9tective-Trails (chasse au tr\u00e9sor avec D\u00e9tective Blaireau, les Krimi-Trails (<a href=\"https:\/\/www.krimi-trails.com\" target=\"_blank\" rel=\"noopener\">www.krimi-trails.com<\/a>), le d\u00e9fi d&#8217;\u00e9vasion en plein air Find-the-Code (<a href=\"https:\/\/www.find-the-code.com\" target=\"_blank\" rel=\"noopener\">www.find-the-code.com<\/a>). Pour plus d&#8217;informations, voir la d\u00e9claration de confidentialit\u00e9.<\/p><h3><strong>\u00a7 3 Livraison et disponibilit\u00e9 des marchandises<\/strong><\/h3><p>La<strong> livraison de documents<\/strong> tels que les documents du Finding-Daniel Citytrail, des cartes des D\u00e9tective-Trails, Home-Trails, les \u00e9nigmes polici\u00e8res \u00e0 imprimer soi-m\u00eame, les cartes de d\u00e9tective, etc. se fait imm\u00e9diatement apr\u00e8s paiement par la mise en ligne des documents dans votre compte ou par lien de t\u00e9l\u00e9chargement pour les bons. L&#8217;\u00e9change ou le retour n&#8217;est malheureusement pas possible pour les contenus num\u00e9riques (voir droit de r\u00e9tractation).<\/p><p><strong>Produits physiques<\/strong> (exp\u00e9dition uniquement en Suisse et Principaut\u00e9 du Liechtenstein) : Retrait sur place : Les articles physiques ne peuvent \u00eatre retir\u00e9s qu&#8217;\u00e0 Ittigen, au si\u00e8ge principal de MyCityHighlight AG, et non chez un point de vente externe\/organisation partenaire. Exp\u00e9dition : Les articles sont livr\u00e9s dans un d\u00e9lai de 3 \u00e0 5 jours ouvrables. Pour la livraison des produits physiques, nous vous facturons les frais de conditionnement et d&#8217;exp\u00e9dition suivants pour la Suisse :<\/p><p>Livre, \u00e9nigmes polici\u00e8res (jusqu&#8217;\u00e0 3 pi\u00e8ces), cahiers d&#8217;\u00e9nigmes (jusqu&#8217;\u00e0 5 pi\u00e8ces du recueil ou 10 pi\u00e8ces des cahiers d&#8217;\u00e9nigmes n\u00b0 1-4), produits\/articles de fans avec hauteur &lt;2cm : CHF 3.50 Peluche, jeu de cartes, kit d&#8217;\u00e9quipe, produits\/articles de fans avec hauteur &gt;2cm, paquet combin\u00e9 ou plusieurs livres\/\u00e9nigmes polici\u00e8res (\u00e0 partir de 4 pi\u00e8ces), cahiers d&#8217;\u00e9nigmes (\u00e0 partir de 6 pi\u00e8ces du recueil ou \u00e0 partir de 11 pi\u00e8ces des cahiers d&#8217;\u00e9nigmes n\u00b0 1-4) : CHF 10 La livraison se fait aux risques du destinataire. Pour toute question, veuillez contacter <a href=\"mailto:info@finding-daniel.ch\" target=\"_blank\" rel=\"noopener\">info@finding-daniel.ch<\/a>.<\/p><p>MyCityHighlight AG n&#8217;assume aucune garantie pour les dommages et d\u00e9fauts des marchandises qui surviennent apr\u00e8s ou \u00e0 la suite de l&#8217;utilisation des marchandises. Les marchandises d\u00e9fectueuses, encore inutilis\u00e9es, seront bien entendu \u00e9chang\u00e9es. MyCityHighlight AG n&#8217;est pas responsable des dommages r\u00e9sultant de l&#8217;utilisation des marchandises.<\/p><h3><strong>\u00a7 4 Prix<\/strong><\/h3><p>Tous les prix indiqu\u00e9s sur le site web du fournisseur pour les Finding-Daniel-Citytrails et les bons dans la hauteur choisie sont en francs suisses (CHF) et incluent la TVA l\u00e9gale en vigueur. Le fournisseur se r\u00e9serve le droit de modifier les prix \u00e0 tout moment sans pr\u00e9avis.<\/p><h3><strong>\u00a7 5 Modalit\u00e9s de paiement<\/strong><\/h3><p>(1) Le client peut effectuer le paiement par Paypal, Twint, Postfinance ou par carte de cr\u00e9dit. Les paiements sont trait\u00e9s via le prestataire de services de paiement Payrexx. Le b\u00e9n\u00e9ficiaire du paiement est MyCityHighlight AG.<\/p><p>(2) Le paiement du prix d&#8217;achat est d\u00fb imm\u00e9diatement apr\u00e8s la passation de la commande par le client.<\/p><p>(3) Le paiement est g\u00e9n\u00e9ralement possible uniquement en ligne. Dans des cas exceptionnels (par exemple, si une organisation ne poss\u00e8de pas de carte de cr\u00e9dit d&#8217;entreprise), un paiement (anticip\u00e9) sur facture est \u00e9galement possible contre une redevance de CHF 10.-. La commande doit cependant \u00eatre pass\u00e9e au plus tard cinq jours ouvrables avant la date de livraison ou de jeu souhait\u00e9e.<\/p><h3><strong>\u00a7 6 Garantie des d\u00e9fauts mat\u00e9riels, garantie<\/strong><\/h3><p>Le fournisseur est responsable des d\u00e9fauts conform\u00e9ment aux dispositions l\u00e9gales applicables.<\/p><p>Pour les entrepreneurs, la p\u00e9riode de garantie pour les articles livr\u00e9s par le fournisseur est de 12 mois. La restriction ci-dessus ne s&#8217;applique pas aux demandes de dommages et int\u00e9r\u00eats du client r\u00e9sultant de blessures corporelles, de la sant\u00e9, de dommages caus\u00e9s par n\u00e9gligence grave, si le fournisseur a dissimul\u00e9 le d\u00e9faut de mani\u00e8re frauduleuse et\/ou a donn\u00e9 une garantie pour la qualit\u00e9 de l&#8217;article.<\/p><p>Une garantie existe pour les D\u00e9tective-Trails envoy\u00e9s par le fournisseur uniquement si celle-ci a \u00e9t\u00e9 express\u00e9ment donn\u00e9e dans la confirmation de commande pour l&#8217;article respectif.<\/p><h3><strong>\u00a7 7 Responsabilit\u00e9<\/strong><\/h3><p>Les demandes de dommages et int\u00e9r\u00eats du client sont exclues. Sont exclues de cette exclusion les demandes de dommages et int\u00e9r\u00eats du client r\u00e9sultant de blessures corporelles, de la sant\u00e9 ou de la violation d&#8217;obligations contractuelles essentielles (obligations cardinales) ainsi que la responsabilit\u00e9 pour d&#8217;autres dommages r\u00e9sultant d&#8217;une violation intentionnelle ou par n\u00e9gligence grave des obligations du fournisseur, de ses repr\u00e9sentants l\u00e9gaux ou auxiliaires d&#8217;ex\u00e9cution. Les obligations contractuelles essentielles sont celles dont l&#8217;ex\u00e9cution est n\u00e9cessaire pour atteindre l&#8217;objectif du contrat.<\/p><p>En cas de violation d&#8217;obligations contractuelles essentielles, le fournisseur est responsable uniquement des dommages pr\u00e9visibles et typiques du contrat, si ceux-ci ont \u00e9t\u00e9 caus\u00e9s par n\u00e9gligence simple, sauf s&#8217;il s&#8217;agit de demandes de dommages et int\u00e9r\u00eats du client r\u00e9sultant de blessures corporelles, de la sant\u00e9.<\/p><p>Les restrictions des paragraphes 1 et 2 s&#8217;appliquent \u00e9galement en faveur des repr\u00e9sentants l\u00e9gaux et auxiliaires d&#8217;ex\u00e9cution du fournisseur, si des demandes sont directement formul\u00e9es contre eux.<\/p><p>Les restrictions de responsabilit\u00e9 r\u00e9sultant des paragraphes 1 et 2 ne s&#8217;appliquent pas si le fournisseur a dissimul\u00e9 le d\u00e9faut de mani\u00e8re frauduleuse ou a donn\u00e9 une garantie pour la qualit\u00e9 de l&#8217;article. Il en va de m\u00eame si le fournisseur et le client ont conclu un accord sur la qualit\u00e9 de l&#8217;article. Les dispositions de la loi sur la responsabilit\u00e9 du fait des produits restent inchang\u00e9es.<\/p><h3><strong>\u00a7 8 Droit de r\u00e9tractation<\/strong><\/h3><p>Les consommateurs ont un droit de r\u00e9tractation l\u00e9gal lors de la conclusion d&#8217;un contrat \u00e0 distance. Le droit de r\u00e9tractation expire pr\u00e9matur\u00e9ment si le fournisseur commence \u00e0 ex\u00e9cuter le service apr\u00e8s que le client a donn\u00e9 son consentement explicite et confirm\u00e9 qu&#8217;il perd son droit de r\u00e9tractation avec le d\u00e9but de l&#8217;ex\u00e9cution du contrat.<\/p><p>Vous avez le droit de r\u00e9voquer ce contrat dans un d\u00e9lai de sept jours \u00e0 compter du jour de la commande sans donner de raisons. Sont exclus de ce droit les produits ou documents (par exemple, les dossiers du Finding-Daniel Citytrail) qui ont \u00e9t\u00e9 envoy\u00e9s ou mis \u00e0 disposition en ligne.<\/p><p>Pour exercer votre droit de r\u00e9tractation, vous devez nous informer de votre d\u00e9cision de r\u00e9voquer ce contrat par une d\u00e9claration claire (par lettre envoy\u00e9e par la poste ou par e-mail). Pour respecter le d\u00e9lai de r\u00e9tractation, la date d&#8217;envoi de votre notification d&#8217;exercice du droit de r\u00e9tractation est d\u00e9terminante.<\/p><p>Si vous r\u00e9voquez ce contrat, nous vous rembourserons tous les paiements que nous avons re\u00e7us de votre part (y compris les frais de livraison) sans d\u00e9lai et au plus tard dans les quatorze jours \u00e0 compter du jour o\u00f9 nous avons re\u00e7u la notification de votre r\u00e9tractation de ce contrat. La condition pr\u00e9alable au remboursement est le retour des articles command\u00e9s.<\/p><p>Lieu de juridiction : Berne.<\/p><h3><strong>\u00a7 9 Dispositions finales<\/strong><\/h3><p>Les contrats entre le fournisseur et les clients sont r\u00e9gis par le droit de la Conf\u00e9d\u00e9ration suisse, \u00e0 l&#8217;exclusion du droit de la vente des Nations Unies. Les dispositions l\u00e9gales relatives \u00e0 la limitation du choix de la loi et \u00e0 l&#8217;applicabilit\u00e9 des dispositions imp\u00e9ratives, notamment de l&#8217;\u00c9tat dans lequel le client en tant que consommateur a sa r\u00e9sidence habituelle, restent inchang\u00e9es.<\/p><p>Si le client est un commer\u00e7ant, une personne morale de droit public ou un patrimoine sp\u00e9cial de droit public, le lieu de juridiction pour tous les litiges d\u00e9coulant des relations contractuelles entre le client et le fournisseur est le si\u00e8ge du fournisseur.<\/p><p>Les modifications ou compl\u00e9ments de ces conditions g\u00e9n\u00e9rales doivent \u00eatre faites par \u00e9crit. Cela s&#8217;applique \u00e9galement \u00e0 la suppression de cette exigence de forme \u00e9crite.<\/p><p>Si certaines dispositions de cet accord sont totalement ou partiellement nulles ou inefficaces, cela n&#8217;affecte pas la validit\u00e9 des autres dispositions. Les dispositions l\u00e9gales remplacent les dispositions non incluses ou inefficaces. Si de telles dispositions l\u00e9gales ne sont pas disponibles dans le cas particulier (lacune r\u00e9glementaire) ou conduisent \u00e0 un r\u00e9sultat inacceptable, les parties entreront en n\u00e9gociation pour convenir d&#8217;une disposition efficace qui se rapproche le plus possible de la disposition non incluse ou inefficace.<\/p>\t\t\t\t\t\t<\/div>\n\t\t\t\t<\/div>\n\t\t\t\t\t<\/div>\n\t\t\t\t<\/div>\n\t\t\t\t<\/div>\n\t\t","protected":false},"excerpt":{"rendered":"<p>\/*! elementor &#8211; v3.22.0 &#8211; 26-06-2024 *\/ .elementor-heading-title{padding:0;margin:0;line-height:1}.elementor-widget-heading .elementor-heading-title[class*=elementor-size-]&gt;a{color:inherit;font-size:inherit;line-height:inherit}.elementor-widget-heading .elementor-heading-title.elementor-size-small{font-size:15px}.elementor-widget-heading .elementor-heading-title.elementor-size-medium{font-size:19px}.elementor-widget-heading .elementor-heading-title.elementor-size-large{font-size:29px}.elementor-widget-heading .elementor-heading-title.elementor-size-xl{font-size:39px}.elementor-widget-heading .elementor-heading-title.elementor-size-xxl{font-size:59px} Conditions g\u00e9n\u00e9rales \u00a7 1 Champ d&#8217;application Les conditions g\u00e9n\u00e9rales suivantes s&#8217;appliquent aux contrats que vous concluez avec nous, MyCityHighlight AG, Talgut-Zentrum 7, 3063 Ittigen (Suisse), fournisseur via notre site internet www.finding-daniel.ch.\u00a0Les conditions g\u00e9n\u00e9rales divergentes du client ne sont pas reconnues, sauf si le fournisseur accepte express\u00e9ment leur validit\u00e9 par \u00e9crit. [&hellip;]<\/p>\n","protected":false},"author":1,"featured_media":0,"parent":0,"menu_order":0,"comment_status":"closed","ping_status":"closed","template":"","meta":{"inline_featured_image":false,"site-sidebar-layout":"default","site-content-layout":"","ast-site-content-layout":"default","site-content-style":"default","site-sidebar-style":"default","ast-global-header-display":"","ast-banner-title-visibility":"","ast-main-header-display":"","ast-hfb-above-header-display":"","ast-hfb-below-header-display":"","ast-hfb-mobile-header-display":"","site-post-title":"","ast-breadcrumbs-content":"","ast-featured-img":"","footer-sml-layout":"","ast-disable-related-posts":"","theme-transparent-header-meta":"default","adv-header-id-meta":"","stick-header-meta":"default","header-above-stick-meta":"","header-main-stick-meta":"","header-below-stick-meta":"","astra-migrate-meta-layouts":"set","ast-page-background-enabled":"default","ast-page-background-meta":{"desktop":{"background-color":"var(--ast-global-color-4)","background-image":"","background-repeat":"repeat","background-position":"center center","background-size":"auto","background-attachment":"scroll","background-type":"","background-media":"","overlay-type":"","overlay-color":"","overlay-opacity":"","overlay-gradient":""},"tablet":{"background-color":"","background-image":"","background-repeat":"repeat","background-position":"center center","background-size":"auto","background-attachment":"scroll","background-type":"","background-media":"","overlay-type":"","overlay-color":"","overlay-opacity":"","overlay-gradient":""},"mobile":{"background-color":"","background-image":"","background-repeat":"repeat","background-position":"center center","background-size":"auto","background-attachment":"scroll","background-type":"","background-media":"","overlay-type":"","overlay-color":"","overlay-opacity":"","overlay-gradient":""}},"ast-content-background-meta":{"desktop":{"background-color":"var(--ast-global-color-5)","background-image":"","background-repeat":"repeat","background-position":"center center","background-size":"auto","background-attachment":"scroll","background-type":"","background-media":"","overlay-type":"","overlay-color":"","overlay-opacity":"","overlay-gradient":""},"tablet":{"background-color":"var(--ast-global-color-5)","background-image":"","background-repeat":"repeat","background-position":"center center","background-size":"auto","background-attachment":"scroll","background-type":"","background-media":"","overlay-type":"","overlay-color":"","overlay-opacity":"","overlay-gradient":""},"mobile":{"background-color":"var(--ast-global-color-5)","background-image":"","background-repeat":"repeat","background-position":"center center","background-size":"auto","background-attachment":"scroll","background-type":"","background-media":"","overlay-type":"","overlay-color":"","overlay-opacity":"","overlay-gradient":""}},"footnotes":""},"class_list":["post-20102","page","type-page","status-publish","hentry"],"_links":{"self":[{"href":"https:\/\/finding-daniel.ch\/fr\/wp-json\/wp\/v2\/pages\/20102","targetHints":{"allow":["GET"]}}],"collection":[{"href":"https:\/\/finding-daniel.ch\/fr\/wp-json\/wp\/v2\/pages"}],"about":[{"href":"https:\/\/finding-daniel.ch\/fr\/wp-json\/wp\/v2\/types\/page"}],"author":[{"embeddable":true,"href":"https:\/\/finding-daniel.ch\/fr\/wp-json\/wp\/v2\/users\/1"}],"replies":[{"embeddable":true,"href":"https:\/\/finding-daniel.ch\/fr\/wp-json\/wp\/v2\/comments?post=20102"}],"version-history":[{"count":3,"href":"https:\/\/finding-daniel.ch\/fr\/wp-json\/wp\/v2\/pages\/20102\/revisions"}],"predecessor-version":[{"id":27631,"href":"https:\/\/finding-daniel.ch\/fr\/wp-json\/wp\/v2\/pages\/20102\/revisions\/27631"}],"wp:attachment":[{"href":"https:\/\/finding-daniel.ch\/fr\/wp-json\/wp\/v2\/media?parent=20102"}],"curies":[{"name":"wp","href":"https:\/\/api.w.org\/{rel}","templated":true}]}}